{"id":61322,"date":"2017-12-27T16:30:12","date_gmt":"2017-12-27T16:30:12","guid":{"rendered":"https:\/\/myplantgarden.com\/?page_id=61322"},"modified":"2018-01-05T15:58:22","modified_gmt":"2018-01-05T15:58:22","slug":"concorso-creativo","status":"publish","type":"page","link":"https:\/\/myplantgarden.com\/en\/concorso-creativo\/","title":{"rendered":"concorso creativo"},"content":{"rendered":"<div class=\"wpb-content-wrapper\"><p>[vc_row][vc_column width=&#8221;1\/1&#8243;][vc_single_image media=&#8221;61281&#8243; media_width_use_pixel=&#8221;yes&#8221; alignment=&#8221;center&#8221; media_width_pixel=&#8221;600&#8243;][\/vc_column][\/vc_row][vc_row][vc_column width=&#8221;1\/1&#8243;][vc_column_text]<\/p>\n<h2 style=\"text-align: center;\">I giardini di Myplant&amp;Garden\u00a0(III ed.)<br \/>\nBando di concorso creativo destinato ai progettisti del verde<\/h2>\n<p>[\/vc_column_text][vc_column_text]<em>\u201cIl giardino pensile di una struttura ospedaliera dedicata alle cure delle leucemie infantili a Monza (MB) diventer\u00e0 una palestra a cielo aperto per ampliare i programmi di \u2018Sport Therapy\u2019\u201d, <\/em>annunciano gli organizzatori<em>.<\/em><\/p>\n<p><em>\u2018Il giardino della Sport Therapy\u2019 \u00e8 infatti il titolo della terza edizione del concorso creativo di progettazione promosso da Myplant &amp; Garden in collaborazione con Fondazione Minoprio.<\/em>[\/vc_column_text][\/vc_column][\/vc_row][vc_row][vc_column width=&#8221;1\/1&#8243;][vc_single_image media=&#8221;61275&#8243; media_width_percent=&#8221;80&#8243; alignment=&#8221;center&#8221;][\/vc_column][\/vc_row][vc_row][vc_column width=&#8221;1\/1&#8243;][vc_column_text]<strong>IL GIARDINO DELLA SPORT THERAPY<\/strong><\/p>\n<p>Milano, dicembre 2017 &#8211; <strong>Myplant &amp; Garden<\/strong> e <strong>Fondazione Minoprio<\/strong> indicono un <strong>concorso creativo<\/strong> al fine di valorizzare opere di progettisti e operatori che lavorano nel settore della progettazione, realizzazione e conservazione dei giardini e del paesaggio.<\/p>\n<p>L\u2019area oggetto del concorso, coordinato dall\u2019arch. Umberto Andolfato (AIAPP), \u00e8 sita all\u2019interno del <strong>Centro Maria Letizia Verga per lo Studio e la Cura della Leucemia del Bambino<\/strong>, a Monza (MB). Polo di eccellenza medica per la cura delle leucemie infantili, il Centro Maria Letizia Verga \u00e8 un ospedale pubblico (SSN) a gestione privata. All\u2019interno del Centro (8.400 mq su 4 piani) vi sono gli spazi per la ricerca, la cura e l\u2019assistenza ai bambini e alle loro famiglie.<\/p>\n<p>Compresa una <strong>palestra<\/strong>, utilizzata per contrastare a livello osteo-muscolare gli effetti debilitanti delle cure farmacologiche e a far proseguire il percorso di crescita fisiologica dei giovani pazienti.<\/p>\n<p>Tale attivit\u00e0 sportiva, il \u2018<strong>progetto Sport Therapy<\/strong>\u2019, presenta rilevanti benefici anche dal punto di vista sociale, psicologico e della qualit\u00e0 della vita a tuttotondo. I vantaggi registrati sinora da questo approccio alla cura sono molto incoraggianti.<\/p>\n<p><strong>Obiettivo del concorso \u00e8 l\u2019ampliamento delle attivit\u00e0 svolte in palestra anche negli spazi esterni e adiacenti alla palestra stessa<\/strong>. Essa \u00e8 situata <strong>sul tetto dell\u2019edificio del Centro<\/strong>; lo spazio esterno alla palestra insiste invece su una superficie di <strong>ca 500 mq<\/strong>.<\/p>\n<p>Il progetto dovr\u00e0 prevedere l\u2019articolazione dello spazio esterno tenendo presente le seguenti esigenze:<\/p>\n<ul>\n<li>il progetto del giardino pensile dovr\u00e0 prevedere la sistemazione dell\u2019area perimetrale, oggetto del concorso, con piantumazioni o mascherature (<em>camouflage<\/em>) che vadano a coprire la vista dei macchinari presenti in alcune zone della copertura;<\/li>\n<li>la creazione di zone che possano accogliere le attivit\u00e0 fisiche e non solo, descritte nell\u2019allegato al bando \u201cSPORT THERAPY\u201d;<\/li>\n<li>la realizzazione di aree ombreggiate;<\/li>\n<li>la possibilit\u00e0 che l\u2019area venga utilizzata per ospitare eventi ufficiali;<\/li>\n<li>le attrezzature, gli arredi, le piantumazioni e le eventuali opere impiantistiche, devono tenere presente che trattasi di un giardino pensile.<\/li>\n<\/ul>\n<p><strong>Il concorso \u00e8 aperto a progettisti del verde (architetti, agronomi, paesaggisti, garden designers, vivaisti, artisti), in forma singola o associata. La partecipazione al concorso \u00e8 gratuita.<\/strong><\/p>\n<p>Il progetto ritenuto migliore dalla commissione &#8211; composta da docenti del <strong>Master <\/strong>in Progettazione e Conservazione del Giardino e del Paesaggio (<strong>PoliMi <\/strong>e Fondazione Minoprio), esponenti di <strong>AIAPP <\/strong>(Associazione Italiana Architettura del Paesaggio), dell\u2019<strong>Ordine degli Architetti <\/strong>PPC della Provincia di <strong>Milano<\/strong>, della manifestazione <strong>Myplant &amp; Garden <\/strong>e da esperti della Fondazione <strong>Minoprio <\/strong>\u2013 sar\u00e0 realizzato nel mese di <strong>ottobre 2018<\/strong> col coordinamento del progettista, la collaborazione degli allievi della Fondazione Minoprio e la fornitura di verde e materiali da parte della manifestazione Myplant &amp; Garden.<\/p>\n<p>La giuria valuter\u00e0 la coerenza con il tema di progetto, il livello di innovazione e creativit\u00e0 del progetto, la fattibilit\u00e0 della realizzazione, la facilit\u00e0 di manutenzione dell\u2019area, il contenimento dei costi e sostenibilit\u00e0, i requisiti di sicurezza dell\u2019area e dei manufatti.<\/p>\n<p>Sar\u00e0 valutato positivamente l\u2019uso di essenze a basso impatto manutentivo.<\/p>\n<p><strong>Scadenze:<\/strong><\/p>\n<p>Iscrizione: entro le h.24.00 del <strong>14 gennaio 2018<br \/>\n<\/strong>Invio elaborati: entro il <strong>2 febbraio 2018<br \/>\n<\/strong>Comunicazione del progetto selezionato: entro il <strong>13 febbraio 2018<br \/>\n<\/strong>Invio impegno di accettazione per la realizzazione dell\u2019allestimento: entro il <strong>16 febbraio 2018<br \/>\n<\/strong>Inaugurazione e premiazione dei progettisti: durante la manifestazione di Myplant&amp;Garden (<strong>21-23 febbraio 2018<\/strong>)<br \/>\nRealizzazione dell\u2019allestimento: <strong>ottobre 2018<\/strong><\/p>\n<p><strong>Il Comitato Maria Letizia Verga Onlus per lo studio e la cura della leucemia del Bambino, <\/strong>costituito nel 1979 a Monza, riunisce genitori, medici, ricercatori, sostenitori e personale paramedico con l&#8217;obiettivo di offrire ai bambini malati di leucemia in cura presso il <strong>Centro Maria Letizia Verga per lo studio e la cura della leucemia del bambino <\/strong>&#8211; Clinica Pediatrica dell&#8217;Universit\u00e0 Milano Bicocca dell\u2019Ospedale di Monza &#8211; Fondazione Monza e Brianza per il Bambino e la sua Mamma, l&#8217;assistenza medica e psico-sociale pi\u00f9 adeguata al fine di garantire loro le pi\u00f9 elevate possibilit\u00e0 di guarigione e la miglior qualit\u00e0 di vita.<\/p>\n<p>In questi 38 anni il Comitato ha realizzato moltissimi progetti nell\u2019ambito dello studio e della cura delle leucemie infantili, realizzazioni che, grazie alla solida alleanza con il personale medico e i ricercatori<em>, <\/em>hanno consentito di <strong>guarire <\/strong>pi\u00f9 di <strong>1800 bambini<\/strong>.<\/p>\n<p>Il <strong>Centro MLV<\/strong> \u00e8 sede del progetto di ricerca per migliorare la tolleranza all\u2019esercizio in bambini e ragazzi in trattamento c\/o il reparto di emato-oncologia pediatrica. Il progetto <strong>SPORT THERAPY<\/strong> \u00e8 coordinato dal dottor Momcilo Jankovic e dalla dottoressa Francesca Lanfranconi (medico sportivo ricercatore in fisiologia dell\u2019uomo).[\/vc_column_text][vc_column_text]<\/p>\n<h2><a href=\"https:\/\/myplantgarden.com\/wp-content\/uploads\/bando-e-allegati.zip\">Clicca qui per scaricare il bando<\/a><\/h2>\n<p>[\/vc_column_text][\/vc_column][\/vc_row]<\/p>\n<\/div>","protected":false},"excerpt":{"rendered":"<p>[vc_row][vc_column width=&#8221;1\/1&#8243;][vc_single_image media=&#8221;61281&#8243; media_width_use_pixel=&#8221;yes&#8221; alignment=&#8221;center&#8221; media_width_pixel=&#8221;600&#8243;][\/vc_column][\/vc_row][vc_row][vc_column width=&#8221;1\/1&#8243;][vc_column_text] I giardini di Myplant&amp;Garden\u00a0(III ed.) Bando di concorso creativo destinato ai progettisti del [&hellip;]<\/p>\n","protected":false},"author":1,"featured_media":0,"parent":0,"menu_order":0,"comment_status":"closed","ping_status":"closed","template":"","meta":{"_monsterinsights_skip_tracking":false,"_monsterinsights_sitenote_active":false,"_monsterinsights_sitenote_note":"","_monsterinsights_sitenote_category":0,"footnotes":""},"class_list":["post-61322","page","type-page","status-publish","hentry"],"yoast_head":"<!-- This site is optimized with the Yoast SEO plugin v26.5 - https:\/\/yoast.com\/wordpress\/plugins\/seo\/ -->\n<title>concorso creativo - Myplant &amp; Garden<\/title>\n<meta name=\"robots\" content=\"index, follow, max-snippet:-1, max-image-preview:large, max-video-preview:-1\" \/>\n<link rel=\"canonical\" href=\"https:\/\/myplantgarden.com\/concorso-creativo\/\" \/>\n<meta property=\"og:locale\" content=\"en_US\" \/>\n<meta property=\"og:type\" content=\"article\" \/>\n<meta property=\"og:title\" content=\"concorso creativo - Myplant &amp; Garden\" \/>\n<meta property=\"og:description\" content=\"[vc_row][vc_column width=&#8221;1\/1&#8243;][vc_single_image media=&#8221;61281&#8243; media_width_use_pixel=&#8221;yes&#8221; alignment=&#8221;center&#8221; media_width_pixel=&#8221;600&#8243;][\/vc_column][\/vc_row][vc_row][vc_column width=&#8221;1\/1&#8243;][vc_column_text] I giardini di Myplant&amp;Garden\u00a0(III ed.) Bando di concorso creativo destinato ai progettisti del [&hellip;]\" \/>\n<meta property=\"og:url\" content=\"https:\/\/myplantgarden.com\/concorso-creativo\/\" \/>\n<meta property=\"og:site_name\" content=\"Myplant &amp; Garden\" \/>\n<meta property=\"article:publisher\" content=\"https:\/\/www.facebook.com\/myplantgarden\" \/>\n<meta property=\"article:modified_time\" content=\"2018-01-05T15:58:22+00:00\" \/>\n<meta property=\"og:image\" content=\"https:\/\/myplantgarden.com\/wp-content\/uploads\/header_home_edizione-2026.webp\" \/>\n\t<meta property=\"og:image:width\" content=\"1312\" \/>\n\t<meta property=\"og:image:height\" content=\"824\" \/>\n\t<meta property=\"og:image:type\" content=\"image\/webp\" \/>\n<meta name=\"twitter:card\" content=\"summary_large_image\" \/>\n<meta name=\"twitter:site\" content=\"@MyplantGarden\" \/>\n<meta name=\"twitter:label1\" content=\"Est. reading time\" \/>\n\t<meta name=\"twitter:data1\" content=\"4 minutes\" \/>\n<script type=\"application\/ld+json\" class=\"yoast-schema-graph\">{\"@context\":\"https:\/\/schema.org\",\"@graph\":[{\"@type\":\"WebPage\",\"@id\":\"https:\/\/myplantgarden.com\/concorso-creativo\/\",\"url\":\"https:\/\/myplantgarden.com\/concorso-creativo\/\",\"name\":\"concorso creativo - Myplant &amp; Garden\",\"isPartOf\":{\"@id\":\"https:\/\/myplantgarden.com\/#website\"},\"datePublished\":\"2017-12-27T16:30:12+00:00\",\"dateModified\":\"2018-01-05T15:58:22+00:00\",\"breadcrumb\":{\"@id\":\"https:\/\/myplantgarden.com\/concorso-creativo\/#breadcrumb\"},\"inLanguage\":\"en-US\",\"potentialAction\":[{\"@type\":\"ReadAction\",\"target\":[\"https:\/\/myplantgarden.com\/concorso-creativo\/\"]}]},{\"@type\":\"BreadcrumbList\",\"@id\":\"https:\/\/myplantgarden.com\/concorso-creativo\/#breadcrumb\",\"itemListElement\":[{\"@type\":\"ListItem\",\"position\":1,\"name\":\"Home\",\"item\":\"https:\/\/myplantgarden.com\/\"},{\"@type\":\"ListItem\",\"position\":2,\"name\":\"concorso creativo\"}]},{\"@type\":\"WebSite\",\"@id\":\"https:\/\/myplantgarden.com\/#website\",\"url\":\"https:\/\/myplantgarden.com\/\",\"name\":\"Myplant & Garden\",\"description\":\"International green expo 24-26 febbraio 2027\",\"publisher\":{\"@id\":\"https:\/\/myplantgarden.com\/#organization\"},\"potentialAction\":[{\"@type\":\"SearchAction\",\"target\":{\"@type\":\"EntryPoint\",\"urlTemplate\":\"https:\/\/myplantgarden.com\/?s={search_term_string}\"},\"query-input\":{\"@type\":\"PropertyValueSpecification\",\"valueRequired\":true,\"valueName\":\"search_term_string\"}}],\"inLanguage\":\"en-US\"},{\"@type\":\"Organization\",\"@id\":\"https:\/\/myplantgarden.com\/#organization\",\"name\":\"Myplant & Garden\",\"url\":\"https:\/\/myplantgarden.com\/\",\"logo\":{\"@type\":\"ImageObject\",\"inLanguage\":\"en-US\",\"@id\":\"https:\/\/myplantgarden.com\/#\/schema\/logo\/image\/\",\"url\":\"https:\/\/myplantgarden.com\/wp-content\/uploads\/logo_10-anni_MyPlantGarden.png\",\"contentUrl\":\"https:\/\/myplantgarden.com\/wp-content\/uploads\/logo_10-anni_MyPlantGarden.png\",\"width\":155,\"height\":43,\"caption\":\"Myplant & Garden\"},\"image\":{\"@id\":\"https:\/\/myplantgarden.com\/#\/schema\/logo\/image\/\"},\"sameAs\":[\"https:\/\/www.facebook.com\/myplantgarden\",\"https:\/\/x.com\/MyplantGarden\",\"https:\/\/www.instagram.com\/myplantgarden\/\",\"https:\/\/www.linkedin.com\/company\/my-plant--garden\/\",\"https:\/\/www.youtube.com\/channel\/UCH4mblhfuiuMeWW4MaB3Pyw\/videos\"]}]}<\/script>\n<!-- \/ Yoast SEO plugin. -->","yoast_head_json":{"title":"concorso creativo - Myplant &amp; Garden","robots":{"index":"index","follow":"follow","max-snippet":"max-snippet:-1","max-image-preview":"max-image-preview:large","max-video-preview":"max-video-preview:-1"},"canonical":"https:\/\/myplantgarden.com\/concorso-creativo\/","og_locale":"en_US","og_type":"article","og_title":"concorso creativo - Myplant &amp; Garden","og_description":"[vc_row][vc_column width=&#8221;1\/1&#8243;][vc_single_image media=&#8221;61281&#8243; media_width_use_pixel=&#8221;yes&#8221; alignment=&#8221;center&#8221; media_width_pixel=&#8221;600&#8243;][\/vc_column][\/vc_row][vc_row][vc_column width=&#8221;1\/1&#8243;][vc_column_text] I giardini di Myplant&amp;Garden\u00a0(III ed.) Bando di concorso creativo destinato ai progettisti del [&hellip;]","og_url":"https:\/\/myplantgarden.com\/concorso-creativo\/","og_site_name":"Myplant &amp; Garden","article_publisher":"https:\/\/www.facebook.com\/myplantgarden","article_modified_time":"2018-01-05T15:58:22+00:00","og_image":[{"width":1312,"height":824,"url":"https:\/\/myplantgarden.com\/wp-content\/uploads\/header_home_edizione-2026.webp","type":"image\/webp"}],"twitter_card":"summary_large_image","twitter_site":"@MyplantGarden","twitter_misc":{"Est. reading time":"4 minutes"},"schema":{"@context":"https:\/\/schema.org","@graph":[{"@type":"WebPage","@id":"https:\/\/myplantgarden.com\/concorso-creativo\/","url":"https:\/\/myplantgarden.com\/concorso-creativo\/","name":"concorso creativo - Myplant &amp; Garden","isPartOf":{"@id":"https:\/\/myplantgarden.com\/#website"},"datePublished":"2017-12-27T16:30:12+00:00","dateModified":"2018-01-05T15:58:22+00:00","breadcrumb":{"@id":"https:\/\/myplantgarden.com\/concorso-creativo\/#breadcrumb"},"inLanguage":"en-US","potentialAction":[{"@type":"ReadAction","target":["https:\/\/myplantgarden.com\/concorso-creativo\/"]}]},{"@type":"BreadcrumbList","@id":"https:\/\/myplantgarden.com\/concorso-creativo\/#breadcrumb","itemListElement":[{"@type":"ListItem","position":1,"name":"Home","item":"https:\/\/myplantgarden.com\/"},{"@type":"ListItem","position":2,"name":"concorso creativo"}]},{"@type":"WebSite","@id":"https:\/\/myplantgarden.com\/#website","url":"https:\/\/myplantgarden.com\/","name":"Myplant & Garden","description":"International green expo 24-26 febbraio 2027","publisher":{"@id":"https:\/\/myplantgarden.com\/#organization"},"potentialAction":[{"@type":"SearchAction","target":{"@type":"EntryPoint","urlTemplate":"https:\/\/myplantgarden.com\/?s={search_term_string}"},"query-input":{"@type":"PropertyValueSpecification","valueRequired":true,"valueName":"search_term_string"}}],"inLanguage":"en-US"},{"@type":"Organization","@id":"https:\/\/myplantgarden.com\/#organization","name":"Myplant & Garden","url":"https:\/\/myplantgarden.com\/","logo":{"@type":"ImageObject","inLanguage":"en-US","@id":"https:\/\/myplantgarden.com\/#\/schema\/logo\/image\/","url":"https:\/\/myplantgarden.com\/wp-content\/uploads\/logo_10-anni_MyPlantGarden.png","contentUrl":"https:\/\/myplantgarden.com\/wp-content\/uploads\/logo_10-anni_MyPlantGarden.png","width":155,"height":43,"caption":"Myplant & Garden"},"image":{"@id":"https:\/\/myplantgarden.com\/#\/schema\/logo\/image\/"},"sameAs":["https:\/\/www.facebook.com\/myplantgarden","https:\/\/x.com\/MyplantGarden","https:\/\/www.instagram.com\/myplantgarden\/","https:\/\/www.linkedin.com\/company\/my-plant--garden\/","https:\/\/www.youtube.com\/channel\/UCH4mblhfuiuMeWW4MaB3Pyw\/videos"]}]}},"_links":{"self":[{"href":"https:\/\/myplantgarden.com\/en\/wp-json\/wp\/v2\/pages\/61322","targetHints":{"allow":["GET"]}}],"collection":[{"href":"https:\/\/myplantgarden.com\/en\/wp-json\/wp\/v2\/pages"}],"about":[{"href":"https:\/\/myplantgarden.com\/en\/wp-json\/wp\/v2\/types\/page"}],"author":[{"embeddable":true,"href":"https:\/\/myplantgarden.com\/en\/wp-json\/wp\/v2\/users\/1"}],"replies":[{"embeddable":true,"href":"https:\/\/myplantgarden.com\/en\/wp-json\/wp\/v2\/comments?post=61322"}],"version-history":[{"count":0,"href":"https:\/\/myplantgarden.com\/en\/wp-json\/wp\/v2\/pages\/61322\/revisions"}],"wp:attachment":[{"href":"https:\/\/myplantgarden.com\/en\/wp-json\/wp\/v2\/media?parent=61322"}],"curies":[{"name":"wp","href":"https:\/\/api.w.org\/{rel}","templated":true}]}}